{"id":40,"date":"2021-11-04T09:09:27","date_gmt":"2021-11-04T12:09:27","guid":{"rendered":"https:\/\/inscripciones.camero.com.ar\/?page_id=40"},"modified":"2026-02-10T12:37:17","modified_gmt":"2026-02-10T15:37:17","slug":"inscripcion-requisitos","status":"publish","type":"page","link":"https:\/\/www.camero.com.ar\/aaci\/","title":{"rendered":"Inscripci\u00f3n &#8211; Requisitos"},"content":{"rendered":"\n<p class=\"has-text-align-center\"><strong>Cursos Iniciales<\/strong><\/p>\n\n\n\n<p><strong>NOTA IMPORTANTE:<\/strong> PARA INSCRIPCIONES EN CURSOS INICIALES<br>SIN CONOCIMIENTOS PREVIOS DEL IDIOMA, SEGUIR LA SIGUIENTE TABLA DE CORRESPONDENCIA:<\/p>\n\n\n\n<figure class=\"wp-block-table\"><table class=\"has-fixed-layout\"><tbody><tr><td><strong>GRADO ESCUELA DEL ALUMNO (EN 2026)<\/strong><\/td><td><strong>SE DEBE INSCRIBIR EN CURSO A.A.C.I.<\/strong><\/td><\/tr><tr><td>SALA DE 5 A\u00d1OS<\/td><td>KIDS 1<\/td><\/tr><tr><td>1er GRADO<\/td><td>KIDS 2<\/td><\/tr><tr><td>2do\/3er GRADO<\/td><td>PREP 1<\/td><\/tr><tr><td>4to\/5to GRADO<\/td><td>1st GRADE<\/td><\/tr><tr><td>6to\/7mo GRADO | 1er A\u00d1O<\/td><td>1st YEAR<\/td><\/tr><tr><td>MAYOR DE 18 A\u00d1OS<\/td><td>ADULTS 1<\/td><\/tr><\/tbody><\/table><figcaption class=\"wp-element-caption\">Correspondencias Grado Escolar (en 2026) &#8212;-&gt; Curso AACI para inscripciones iniciales sin conocimientos del idioma<\/figcaption><\/figure>\n\n\n\n<h4 class=\"wp-block-heading has-text-align-center has-red-background-color has-background\">En caso de tener que hacer un test de nivel, por favor comunicarse con secretar\u00eda<\/h4>\n\n\n\n<hr class=\"wp-block-separator has-css-opacity\"\/>\n\n\n\n<p class=\"has-text-align-center\"><strong>Cursos Regulares<\/strong><\/p>\n\n\n\n<figure class=\"wp-block-table caption-align-default\"><table><tbody><tr><td><strong>Curso<\/strong><\/td><td><strong>Costo<\/strong><\/td><\/tr><tr><td>KIDS 1-2<\/td><td>$57.000.-<\/td><\/tr><tr><td>PREP 1-2-3-4 \/ 1st-2nd-3rd GRADE<\/td><td>$66.000.-<\/td><\/tr><tr><td>1st-2nd-3rd YEAR \/ 2nd-3rd JUNIORS<\/td><td>$80.500.-<\/td><\/tr><tr><td>4th JUNIORS<\/td><td>$87.000.-<\/td><\/tr><tr><td>5th-6th JUNIORS \/ 4th-5th-6th YEAR<\/td><td>$93.500.-<\/td><\/tr><tr><td>ADULT COURSES<\/td><td>$93.500.-<\/td><\/tr><tr><td>CAMBRIDGE FIRST\/ADVANCED\/PROFICIENCY<\/td><td>$101.000.-<\/td><\/tr><tr><td>CONVERSACI\u00d3N B1<\/td><td>$43.000.-<\/td><\/tr><tr><td>LIVING ENGLISH C1<\/td><td>$66.000.-<\/td><\/tr><tr><td><\/td><td><\/td><\/tr><\/tbody><\/table><figcaption class=\"wp-element-caption\">Valores de <strong>INSCRIPCIONES  <\/strong> 2026<\/figcaption><\/figure>\n\n\n\n<p class=\"has-text-align-justify has-red-background-color has-background\">Al completar el formulario de inscripci\u00f3n, <strong>debe adjuntar comprobante de pago<\/strong> del arancel de inscripci\u00f3n correspondiente al curso elegido.<\/p>\n\n\n\n<p>La \u00fanica forma de pago habilitada es por transferencia bancaria:<\/p>\n\n\n\n<p>Banco Santander R\u00edo<br>Sucrusal 156<br>Cuenta Corriente en $ 156000003900<br>Titular: ASOCIACION ARGE CUL INGLESA SF<br>CUIT: 30-53296836-0<br>CBU: <strong>0720156720000000039004<\/strong><br>ALIAS: <strong>CULTURAL.SANTAFE<\/strong><\/p>\n\n\n\n<hr class=\"wp-block-separator has-alpha-channel-opacity\"\/>\n\n\n\n<div class=\"wp-block-essential-blocks-notice  root-eb-notice-bzk32rc\"><div class=\"eb-parent-wrapper eb-parent-eb-notice-bzk32rc \"><div class=\"eb-notice-wrapper eb-notice-bzk32rc\" data-id=\"eb-notice-bzk32rc\" data-show-again=\"false\"><div class=\"eb-notice-title-wrapper\"><div class=\"eb-notice-title\">IMPORTANTE:<\/div><\/div><span class=\"eb-notice-dismiss\" style=\"cursor:pointer\"><\/span><div><div class=\"eb-notice-text\">16 DE DICIEMBRE 2025, \u00daLTIMO D\u00cdA DE INSCRIPCIONES ANTICIPADAS PARA QUIENES CUMPLAN CON LOS REQUISITOS. A partir de febrero de 2026 se habilitar\u00e1n las inscripciones normales.<\/div><\/div><\/div><\/div><\/div>\n\n\n\n<ul class=\"wp-block-list\">\n<li>Abierta las inscripciones <strong>2026<\/strong>&#8230;.<\/li>\n<\/ul>\n\n\n\n<p class=\"has-text-align-center\"><strong>INSCRIPCIONES 2026<\/strong><br><sub>click d\u00f3nde corresponda<\/sub><\/p>\n\n\n\n<div class=\"wp-block-buttons is-content-justification-center is-layout-flex wp-container-core-buttons-is-layout-16018d1d wp-block-buttons-is-layout-flex\">\n<div class=\"wp-block-button\"><a class=\"wp-block-button__link wp-element-button\" href=\"https:\/\/www.camero.com.ar\/aaci\/formulario-de-inscripcion-general\/\" style=\"border-radius:10px;padding-top:var(--wp--preset--spacing--20);padding-bottom:var(--wp--preset--spacing--20)\">MENOR<\/a><\/div>\n\n\n\n<div class=\"wp-block-button is-style-fill\"><a class=\"wp-block-button__link wp-element-button\" href=\"https:\/\/www.camero.com.ar\/aaci\/formulario-inscripcion-adultos\/\" style=\"border-radius:10px;padding-top:var(--wp--preset--spacing--20);padding-bottom:var(--wp--preset--spacing--20)\">ADULTO<\/a><\/div>\n\n\n\n<div class=\"wp-block-button\"><a class=\"wp-block-button__link wp-element-button\" href=\"https:\/\/www.camero.com.ar\/aaci\/formulario-inscripcion-cambridge\/\" style=\"border-radius:10px;padding-top:var(--wp--preset--spacing--20);padding-right:var(--wp--preset--spacing--30);padding-bottom:var(--wp--preset--spacing--20);padding-left:var(--wp--preset--spacing--30)\">CAMBRIDGE<\/a><\/div>\n<\/div>\n\n\n\n<p><\/p>\n","protected":false},"excerpt":{"rendered":"<p>Cursos Iniciales NOTA IMPORTANTE: PARA INSCRIPCIONES EN CURSOS INICIALESSIN CONOCIMIENTOS PREVIOS DEL IDIOMA, SEGUIR LA SIGUIENTE TABLA DE CORRESPONDENCIA: GRADO ESCUELA DEL ALUMNO (EN 2026) SE DEBE INSCRIBIR EN CURSO A.A.C.I. SALA DE 5 A\u00d1OS KIDS 1 1er GRADO KIDS 2 2do\/3er GRADO PREP 1 4to\/5to GRADO 1st GRADE 6to\/7mo GRADO | 1er A\u00d1O 1st&hellip; <a class=\"more-link\" href=\"https:\/\/www.camero.com.ar\/aaci\/\">Segu\u00ed leyendo <span class=\"screen-reader-text\">Inscripci\u00f3n &#8211; Requisitos<\/span><\/a><\/p>\n","protected":false},"author":1,"featured_media":0,"parent":0,"menu_order":0,"comment_status":"closed","ping_status":"closed","template":"","meta":{"_editorskit_title_hidden":false,"_editorskit_reading_time":1,"_editorskit_is_block_options_detached":false,"_editorskit_block_options_position":"{}","_eb_attr":"","footnotes":""},"class_list":["post-40","page","type-page","status-publish","hentry","entry"],"_links":{"self":[{"href":"https:\/\/www.camero.com.ar\/aaci\/wp-json\/wp\/v2\/pages\/40","targetHints":{"allow":["GET"]}}],"collection":[{"href":"https:\/\/www.camero.com.ar\/aaci\/wp-json\/wp\/v2\/pages"}],"about":[{"href":"https:\/\/www.camero.com.ar\/aaci\/wp-json\/wp\/v2\/types\/page"}],"author":[{"embeddable":true,"href":"https:\/\/www.camero.com.ar\/aaci\/wp-json\/wp\/v2\/users\/1"}],"replies":[{"embeddable":true,"href":"https:\/\/www.camero.com.ar\/aaci\/wp-json\/wp\/v2\/comments?post=40"}],"version-history":[{"count":138,"href":"https:\/\/www.camero.com.ar\/aaci\/wp-json\/wp\/v2\/pages\/40\/revisions"}],"predecessor-version":[{"id":416,"href":"https:\/\/www.camero.com.ar\/aaci\/wp-json\/wp\/v2\/pages\/40\/revisions\/416"}],"wp:attachment":[{"href":"https:\/\/www.camero.com.ar\/aaci\/wp-json\/wp\/v2\/media?parent=40"}],"curies":[{"name":"wp","href":"https:\/\/api.w.org\/{rel}","templated":true}]}}